{"id":2250,"date":"2019-06-11T15:35:19","date_gmt":"2019-06-11T15:35:19","guid":{"rendered":"http:\/\/athemeart.com\/demo\/bcf\/bcf-business\/?page_id=2250"},"modified":"2022-01-06T02:21:02","modified_gmt":"2022-01-05T18:21:02","slug":"services","status":"publish","type":"page","link":"https:\/\/green-raise.com\/de\/services\/","title":{"rendered":"Dienstleistungen"},"content":{"rendered":"<div data-elementor-type=\"wp-post\" data-elementor-id=\"2250\" class=\"elementor elementor-2250\">\n\t\t\t\t\t\t<section class=\"elementor-section elementor-top-section elementor-element elementor-element-c154101 elementor-section-boxed elementor-section-height-default elementor-section-height-default\" data-id=\"c154101\" data-element_type=\"section\" data-e-type=\"section\">\n\t\t\t\t\t\t<div class=\"elementor-container elementor-column-gap-default\">\n\t\t\t\t\t<div class=\"elementor-column elementor-col-100 elementor-top-column elementor-element elementor-element-e057435\" data-id=\"e057435\" data-element_type=\"column\" data-e-type=\"column\">\n\t\t\t<div class=\"elementor-widget-wrap elementor-element-populated\">\n\t\t\t\t\t\t<div class=\"elementor-element elementor-element-f1b161e elementor-widget elementor-widget-ata-service-Image\" data-id=\"f1b161e\" data-element_type=\"widget\" data-e-type=\"widget\" data-widget_type=\"ata-service-Image.default\">\n\t\t\t\t<div class=\"elementor-widget-container\">\n\t\t\t\t\t        <div class=\"service-block row round header_block\">\r\n            \r\n\t\t\t            \r\n            <div class=\"col-md-4 col-sm-6 col-12\">\r\n            <div class=\"services-item-header_block\">\r\n              <div class=\"services-item\">\r\n          \t\t\t<img decoding=\"async\" src=\"https:\/\/green-raise.com\/wp-content\/uploads\/2022\/01\/servicesfitproper.jpg\"\/>                \t<div class=\"box-wrp\">\r\n                    <h4 class=\"heading\">Fit und Anst\u00e4ndig-Test<\/h4>\r\n                    <div class=\"text-color\">\r\n\t\t\t\t\tBevor ein detailliertes \u201cCO\u00b2-Projekt\u201d eingereicht werden kann, muss anhand eines \u201eFit and Proper Tests\u201c (Due Diligence, Machbarkeitsstudie) sichergestellt sein, dass die wesentlichen Rahmenbedingungen f\u00fcr eine Verifizierung gegeben sind. Dies inkludiert eine Sch\u00e4tzung der Projektkosten und der potentiellen Mengen an \u201eCarbon Credit Units\u201c sowie die Identifikation von Risiken und Herausforderungen und einen Projektplan.\t\t\t\t\t<\/div>\r\n                    \r\n                                         \r\n                    <\/div>\r\n                    <div class=\"clearfix\"><\/div>\r\n              <\/div>\r\n            <\/div>\r\n             <\/div>\r\n                        \r\n            <div class=\"col-md-4 col-sm-6 col-12\">\r\n            <div class=\"services-item-header_block\">\r\n              <div class=\"services-item\">\r\n          \t\t\t<img decoding=\"async\" src=\"https:\/\/green-raise.com\/wp-content\/uploads\/2022\/01\/servicesdesignmodel.jpg\"\/>                \t<div class=\"box-wrp\">\r\n                    <h4 class=\"heading\">Projekt-Design und -Modell<\/h4>\r\n                    <div class=\"text-color\">\r\n\t\t\t\t\tNach Durchf\u00fchrung des \u201eFit and Proper Tests\u201c beginnen wir mit dem Projekt und bereiten s\u00e4mtliche Schritte f\u00fcr die Verifizierung Ihres Waldes bzw. Ihres Wiederaufforstungsprojekts vor. Unser Team f\u00fchrt zusammen mit Ihnen die notwendigen Waldinventuren durch und finalisiert die Projektdokumentation.\t\t\t\t\t<\/div>\r\n                    \r\n                                         \r\n                    <\/div>\r\n                    <div class=\"clearfix\"><\/div>\r\n              <\/div>\r\n            <\/div>\r\n             <\/div>\r\n                        \r\n            <div class=\"col-md-4 col-sm-6 col-12\">\r\n            <div class=\"services-item-header_block\">\r\n              <div class=\"services-item\">\r\n          \t\t\t<img decoding=\"async\" src=\"https:\/\/green-raise.com\/wp-content\/uploads\/2022\/01\/servicesmarketingsales.jpg\"\/>                \t<div class=\"box-wrp\">\r\n                    <h4 class=\"heading\">Marketing und Vertrieb<\/h4>\r\n                    <div class=\"text-color\">\r\n\t\t\t\t\tNachdem das Projekt erfolgreich verifiziert wurde, k\u00f6nnen die erhaltenen \u201eCarbon Credit Units\u201c am freiwilligen Markt (voluntary market) verkauft werden. GreenRaise verf\u00fcgt aufgrund seines internationalen Netzwerkes \u00fcber ausgezeichnete Kontakte zu Unternehmen, die ein Interesse haben, CO\u00b2-Emissionen zu kompensieren und wird sie beim Verkauf Ihrer \u201eCarbon Credit Units\u201c intensiv unterst\u00fctzen. \t\t\t\t\t<\/div>\r\n                    \r\n                                         \r\n                    <\/div>\r\n                    <div class=\"clearfix\"><\/div>\r\n              <\/div>\r\n            <\/div>\r\n             <\/div>\r\n            \r\n        <\/div>\r\n        \t\t\t\t<\/div>\n\t\t\t\t<\/div>\n\t\t\t\t\t<\/div>\n\t\t<\/div>\n\t\t\t\t\t<\/div>\n\t\t<\/section>\n\t\t\t\t<section class=\"elementor-section elementor-top-section elementor-element elementor-element-94518d5 elementor-section-boxed elementor-section-height-default elementor-section-height-default\" data-id=\"94518d5\" data-element_type=\"section\" data-e-type=\"section\">\n\t\t\t\t\t\t<div class=\"elementor-container elementor-column-gap-default\">\n\t\t\t\t\t<div class=\"elementor-column elementor-col-100 elementor-top-column elementor-element elementor-element-84c4b88\" data-id=\"84c4b88\" data-element_type=\"column\" data-e-type=\"column\">\n\t\t\t<div class=\"elementor-widget-wrap elementor-element-populated\">\n\t\t\t\t\t\t<div class=\"elementor-element elementor-element-9abae26 elementor-widget elementor-widget-ata-service\" data-id=\"9abae26\" data-element_type=\"widget\" data-e-type=\"widget\" data-widget_type=\"ata-service.default\">\n\t\t\t\t<div class=\"elementor-widget-container\">\n\t\t\t\t\t        <div class=\"service-block row round icon_position_top fa-t-medium\">\r\n            \r\n\t\t\t            \r\n            <div class=\"col-md-4 col-sm-6 col-12\">\r\n              <div class=\"services-item yes\">\r\n               \t<i aria-hidden=\"true\" class=\"fa fa-group fa-lg\"><\/i> \r\n                \t<div class=\"box-wrp\">\r\n                    <h4 class=\"heading\">Private und \u00f6ffentliche Waldbesitzer<\/h4>\r\n                    <div class=\"text-color\">\u2022 Wir geben Orientierung zum weltweiten Wald-CO\u00b2-Kompensationsmarkt (Preise, Trends, Produkte, \u2026)\n<br>\n\u2022 Design und Modellierung eines Projekts\n<br>\n\u2022 Beratung und Unterst\u00fctzung bei der Durchf\u00fchrung des Projekts\n<br>\n\u2022 Verkaufsstrategie f\u00fcr das Projekt\n<br>\n\u2022 Vermittlung von Kunden <\/div>\r\n                    \r\n                                         \r\n                    <\/div>\r\n                    <div class=\"clearfix\"><\/div>\r\n              <\/div>\r\n            <\/div>\r\n                        \r\n            <div class=\"col-md-4 col-sm-6 col-12\">\r\n              <div class=\"services-item yes\">\r\n               \t<i aria-hidden=\"true\" class=\"fa fa-industry fa-lg\"><\/i> \r\n                \t<div class=\"box-wrp\">\r\n                    <h4 class=\"heading\">Private und \u00f6ffentliche Organisationen, die \u00fcber den freiwilligen Markt CO\u00b2-Emissionen kompensieren wollen<\/h4>\r\n                    <div class=\"text-color\">\u2022 Erstellung einer Energiebilanz\n<br>\n\u2022 CO\u00b2-Fu\u00dfabdruck\n<br>\n\u2022 \u00dcberblick \u00fcber den Wald-CO\u00b2-Markt\n<br>\n\u2022 Unterst\u00fctzung bei der Auswahl geeigneter Projekte und Partner\n<br>\n\u2022 Audits bei den Projektpartnern <\/div>\r\n                    \r\n                                         \r\n                    <\/div>\r\n                    <div class=\"clearfix\"><\/div>\r\n              <\/div>\r\n            <\/div>\r\n                        \r\n            <div class=\"col-md-4 col-sm-6 col-12\">\r\n              <div class=\"services-item yes\">\r\n               \t<i aria-hidden=\"true\" class=\"fa fa-envira fa-lg\"><\/i> \r\n                \t<div class=\"box-wrp\">\r\n                    <h4 class=\"heading\">\u00d6ffentlich rechtliche Organisationen &amp; Regierungen<\/h4>\r\n                    <div class=\"text-color\">\u2022 Beratung \u00fcber CO\u00b2-Speicherung von bestehenden W\u00e4ldern und potenziellen Wiederaufforstungsprojekten\n<br>\n\u2022 Konzeptentwicklungen, die W\u00e4lder als wesentlichen Bestandteil einer wirtschaftlichen und sozialen Ausgeglichenheit erkennen<\/div>\r\n                    \r\n                                         \r\n                    <\/div>\r\n                    <div class=\"clearfix\"><\/div>\r\n              <\/div>\r\n            <\/div>\r\n            \r\n        <\/div>\r\n        \t\t\t\t<\/div>\n\t\t\t\t<\/div>\n\t\t\t\t\t<\/div>\n\t\t<\/div>\n\t\t\t\t\t<\/div>\n\t\t<\/section>\n\t\t\t\t<\/div>","protected":false},"excerpt":{"rendered":"<p>Fit and Proper Test Prior to initiating a carbon project we will complete a Fit and Proper Test that will create a detailed strategy for your project. This will include the approximate number of credits you should expect to generate, the risks and challenges associated with your project and an overall plan for project implementation.<\/p>","protected":false},"author":2,"featured_media":0,"parent":0,"menu_order":0,"comment_status":"closed","ping_status":"closed","template":"template\/page-no-sidebar.php","meta":{"_coblocks_attr":"","_coblocks_dimensions":"","_coblocks_responsive_height":"","_coblocks_accordion_ie_support":"","_monsterinsights_skip_tracking":false,"_monsterinsights_sitenote_active":false,"_monsterinsights_sitenote_note":"","_monsterinsights_sitenote_category":0,"footnotes":""},"class_list":["post-2250","page","type-page","status-publish","hentry"],"wps_subtitle":"","blog_post_layout_featured_media_urls":{"thumbnail":"","full":""},"categories_names":null,"comments_number":"0","_links":{"self":[{"href":"https:\/\/green-raise.com\/de\/wp-json\/wp\/v2\/pages\/2250","targetHints":{"allow":["GET"]}}],"collection":[{"href":"https:\/\/green-raise.com\/de\/wp-json\/wp\/v2\/pages"}],"about":[{"href":"https:\/\/green-raise.com\/de\/wp-json\/wp\/v2\/types\/page"}],"author":[{"embeddable":true,"href":"https:\/\/green-raise.com\/de\/wp-json\/wp\/v2\/users\/2"}],"replies":[{"embeddable":true,"href":"https:\/\/green-raise.com\/de\/wp-json\/wp\/v2\/comments?post=2250"}],"version-history":[{"count":75,"href":"https:\/\/green-raise.com\/de\/wp-json\/wp\/v2\/pages\/2250\/revisions"}],"predecessor-version":[{"id":2695,"href":"https:\/\/green-raise.com\/de\/wp-json\/wp\/v2\/pages\/2250\/revisions\/2695"}],"wp:attachment":[{"href":"https:\/\/green-raise.com\/de\/wp-json\/wp\/v2\/media?parent=2250"}],"curies":[{"name":"wp","href":"https:\/\/api.w.org\/{rel}","templated":true}]}}