{"id":1875,"date":"2017-07-31T07:49:46","date_gmt":"2017-07-31T07:49:46","guid":{"rendered":"http:\/\/wp.shovondesign.com\/profi\/?page_id=2"},"modified":"2022-11-16T08:52:33","modified_gmt":"2022-11-16T00:52:33","slug":"home","status":"publish","type":"page","link":"https:\/\/green-raise.com\/fr\/","title":{"rendered":"Accueil"},"content":{"rendered":"<div data-elementor-type=\"wp-post\" data-elementor-id=\"1875\" class=\"elementor elementor-1875\">\n\t\t\t\t\t\t<section class=\"elementor-section elementor-top-section elementor-element elementor-element-5688e07 elementor-section-height-min-height elementor-section-content-top elementor-section-boxed elementor-section-height-default elementor-section-items-middle\" data-id=\"5688e07\" data-element_type=\"section\" data-e-type=\"section\">\n\t\t\t\t\t\t<div class=\"elementor-container elementor-column-gap-narrow\">\n\t\t\t\t\t<div class=\"elementor-column elementor-col-100 elementor-top-column elementor-element elementor-element-86f10fb\" data-id=\"86f10fb\" data-element_type=\"column\" data-e-type=\"column\">\n\t\t\t<div class=\"elementor-widget-wrap elementor-element-populated\">\n\t\t\t\t\t\t<div class=\"elementor-element elementor-element-ecd6eaa elementor-widget elementor-widget-text-editor\" data-id=\"ecd6eaa\" data-element_type=\"widget\" data-e-type=\"widget\" data-widget_type=\"text-editor.default\">\n\t\t\t\t<div class=\"elementor-widget-container\">\n\t\t\t\t\t\t\t\t\tGreenRaise is a leading global specialist in the field of Greenhouse Gas (GHG) emission programs and carbon markets. We support organizations, individual landowners and asset managers by identifying optimal CO\u00b2-compensation methods tailored to individual projects.\n\nAs a spin-off from <b>Zimmfor Management Services Ltd. <\/b>\n(<a href=\"http:\/\/www.zimmfor.com\" rel=\"noopener\" target=\"_blank\">www.zimmfor.com<\/a>), a global consultant within the resource industry, GreenRaise plays a key role in the development, implementation and maintenance of client carbon certification projects. Relationships built from years of international business with major global corporations puts GreenRaise in a unique situation to assist clients in marketing carbon credits and facilitating top compensation.\t\t\t\t\t\t\t\t<\/div>\n\t\t\t\t<\/div>\n\t\t\t\t<div class=\"elementor-element elementor-element-ef4f94c elementor-widget elementor-widget-ata-service-Image\" data-id=\"ef4f94c\" data-element_type=\"widget\" data-e-type=\"widget\" data-widget_type=\"ata-service-Image.default\">\n\t\t\t\t<div class=\"elementor-widget-container\">\n\t\t\t\t\t        <div class=\"service-block row round header_block\">\r\n            \r\n\t\t\t            \r\n            <div class=\"col-md-4 col-sm-6 col-12\">\r\n            <div class=\"services-item-header_block\">\r\n              <div class=\"services-item\">\r\n          \t\t\t<img decoding=\"async\" src=\"https:\/\/green-raise.com\/wp-content\/uploads\/2022\/01\/gallery1-768x542-1.jpg\"\/>                \t<div class=\"box-wrp\">\r\n                    <h4 class=\"heading\">S\u00e9lection, admissibilit\u00e9 et m\u00e9thodologie du programme GES<\/h4>\r\n                    <div class=\"text-color\">\r\n\t\t\t\t\tGreenRaise s'adresse aux organisations ou aux gestionnaires d'actifs qui reconnaissent l'importance de r\u00e9duire leurs propres \u00e9missions de GES ou de commercialiser des cr\u00e9dits \u00e0 d'autres qui doivent compenser leur empreinte carbone. Dans ces cas, il y a le march\u00e9 du carbone. Le march\u00e9 du carbone fonctionne pour permettre aux organisations de compenser leurs \u00e9missions par des cr\u00e9dits achet\u00e9s \u00e0 des projets qui r\u00e9duisent les \u00e9missions de GES ailleurs. Si vous \u00eates une organisation, un propri\u00e9taire foncier ou un gestionnaire d'actifs souhaitant \u00e9valuer vos terres ou votre projet potentiel afin de d\u00e9terminer les possibilit\u00e9s de compensation par des cr\u00e9dits carbone ou si vous \u00eates int\u00e9ress\u00e9 par des projets susceptibles de vous aider \u00e0 compenser votre empreinte carbone, contactez-nous. \t\t\t\t\t<\/div>\r\n                    \r\n                                         \r\n                    <\/div>\r\n                    <div class=\"clearfix\"><\/div>\r\n              <\/div>\r\n            <\/div>\r\n             <\/div>\r\n                        \r\n            <div class=\"col-md-4 col-sm-6 col-12\">\r\n            <div class=\"services-item-header_block\">\r\n              <div class=\"services-item\">\r\n          \t\t\t<img decoding=\"async\" src=\"https:\/\/green-raise.com\/wp-content\/uploads\/2022\/01\/ourexpertise2.jpg\"\/>                \t<div class=\"box-wrp\">\r\n                    <h4 class=\"heading\">D\u00e9veloppement, mise en \u0153uvre et maintenance de projets carbone<\/h4>\r\n                    <div class=\"text-color\">\r\n\t\t\t\t\tGreenRaise est le \"guichet unique\" pour l'\u00e9valuation de l'\u00e9ligibilit\u00e9 et de l'applicabilit\u00e9 des projets carbone, le d\u00e9veloppement et la mise en \u0153uvre du projet en conformit\u00e9 avec le programme, la norme et\/ou la m\u00e9thodologie GES choisis. Notre objectif est de fournir aux clients des solutions rentables et \u00e9volutives pour d\u00e9velopper et mettre en \u0153uvre des projets de cr\u00e9dits carbone afin de garantir que les cr\u00e9dits et les revenus g\u00e9n\u00e9r\u00e9s par l'investissement sont maximis\u00e9s. Les solutions peuvent \u00eatre adapt\u00e9es pour compl\u00e9ter les objectifs et les strat\u00e9gies de gestion globale du promoteur du projet. Si vous \u00eates une organisation, un propri\u00e9taire foncier ou un gestionnaire d'actifs \u00e0 la recherche d'une solution de certification de cr\u00e9dits carbone, Contactez-nous. \t\t\t\t\t<\/div>\r\n                    \r\n                                         \r\n                    <\/div>\r\n                    <div class=\"clearfix\"><\/div>\r\n              <\/div>\r\n            <\/div>\r\n             <\/div>\r\n                        \r\n            <div class=\"col-md-4 col-sm-6 col-12\">\r\n            <div class=\"services-item-header_block\">\r\n              <div class=\"services-item\">\r\n          \t\t\t<img decoding=\"async\" src=\"https:\/\/green-raise.com\/wp-content\/uploads\/2022\/01\/gallery6-768x543-1.jpg\"\/>                \t<div class=\"box-wrp\">\r\n                    <h4 class=\"heading\">Marketing et ventes - Cr\u00e9dits carbone<\/h4>\r\n                    <div class=\"text-color\">\r\n\t\t\t\t\tGreenRaise a un portefeuille d'entreprises qui cherchent \u00e0 compenser leur empreinte carbone par des projets particuliers de cr\u00e9dits carbone. Cela place GreenRaise dans une position exceptionnelle pour aider \u00e0 concevoir et \u00e0 mettre en \u0153uvre des strat\u00e9gies de marketing sp\u00e9cifiques aux clients pour la vente de cr\u00e9dits existants ou ceux r\u00e9sultant de projets de carbone d\u00e9velopp\u00e9s et mis en \u0153uvre par GreenRaise.\t\t\t\t\t<\/div>\r\n                    \r\n                                         \r\n                    <\/div>\r\n                    <div class=\"clearfix\"><\/div>\r\n              <\/div>\r\n            <\/div>\r\n             <\/div>\r\n            \r\n        <\/div>\r\n        \t\t\t\t<\/div>\n\t\t\t\t<\/div>\n\t\t\t\t<div class=\"elementor-element elementor-element-a328fb6 elementor-widget elementor-widget-text-editor\" data-id=\"a328fb6\" data-element_type=\"widget\" data-e-type=\"widget\" data-widget_type=\"text-editor.default\">\n\t\t\t\t<div class=\"elementor-widget-container\">\n\t\t\t\t\t\t\t\t\t<p>C'est notre devoir de soutenir l'humanit\u00e9 tout en faisant face aux probl\u00e8mes climatiques, \u00e9conomiques et sociaux les plus difficiles de notre histoire. Notre expertise foresti\u00e8re fournit des connaissances uniques pour les projets de s\u00e9questration de CO\u00b2. Avec nos clients, nous encourageons les approches holistiques qui incluent les aspects \u00e9cologiques et sociaux et consid\u00e8rent les for\u00eats comme un \u00e9l\u00e9ment crucial pour att\u00e9nuer les changements climatiques.<\/p><p>L'objectif \u00e0 long terme de l'Accord de Paris en mati\u00e8re de temp\u00e9rature est de maintenir l'augmentation de la temp\u00e9rature moyenne mondiale bien en dessous de 2 \u00b0C par rapport aux niveaux pr\u00e9industriels ; et de poursuivre les efforts pour limiter l'augmentation \u00e0 1,5 \u00b0C. Cet objectif ne peut \u00eatre atteint que par des efforts mutuels. D'une part, nous devons r\u00e9duire les \u00e9missions de CO\u00b2 et, d'autre part, nous devons augmenter la quantit\u00e9 de for\u00eats afin de s\u00e9questrer le CO\u00b2. Le contrat mondial des Nations Unies a \u00e9t\u00e9 ratifi\u00e9 par 161 nations et 10 000 entreprises. Et les directives 13 et 15 font directement et indirectement r\u00e9f\u00e9rence \u00e0 la protection des for\u00eats.<\/p>\t\t\t\t\t\t\t\t<\/div>\n\t\t\t\t<\/div>\n\t\t\t\t\t<\/div>\n\t\t<\/div>\n\t\t\t\t\t<\/div>\n\t\t<\/section>\n\t\t\t\t<\/div>","protected":false},"excerpt":{"rendered":"<p>GreenRaise is a leading global specialist in the field of Greenhouse Gas (GHG) emission programs and carbon markets. We support organizations, individual landowners and asset managers by identifying optimal CO\u00b2-compensation methods tailored to individual projects. As a spin-off from Zimmfor Management Services Ltd. (www.zimmfor.com), a global consultant within the resource industry, GreenRaise plays a key<\/p>","protected":false},"author":2,"featured_media":0,"parent":0,"menu_order":0,"comment_status":"closed","ping_status":"closed","template":"template\/home-default.php","meta":{"_coblocks_attr":"","_coblocks_dimensions":"","_coblocks_responsive_height":"","_coblocks_accordion_ie_support":"","_monsterinsights_skip_tracking":false,"_monsterinsights_sitenote_active":false,"_monsterinsights_sitenote_note":"","_monsterinsights_sitenote_category":0,"footnotes":""},"class_list":["post-1875","page","type-page","status-publish","hentry"],"wps_subtitle":"Home page sub title","blog_post_layout_featured_media_urls":{"thumbnail":"","full":""},"categories_names":null,"comments_number":"0","_links":{"self":[{"href":"https:\/\/green-raise.com\/fr\/wp-json\/wp\/v2\/pages\/1875","targetHints":{"allow":["GET"]}}],"collection":[{"href":"https:\/\/green-raise.com\/fr\/wp-json\/wp\/v2\/pages"}],"about":[{"href":"https:\/\/green-raise.com\/fr\/wp-json\/wp\/v2\/types\/page"}],"author":[{"embeddable":true,"href":"https:\/\/green-raise.com\/fr\/wp-json\/wp\/v2\/users\/2"}],"replies":[{"embeddable":true,"href":"https:\/\/green-raise.com\/fr\/wp-json\/wp\/v2\/comments?post=1875"}],"version-history":[{"count":101,"href":"https:\/\/green-raise.com\/fr\/wp-json\/wp\/v2\/pages\/1875\/revisions"}],"predecessor-version":[{"id":2925,"href":"https:\/\/green-raise.com\/fr\/wp-json\/wp\/v2\/pages\/1875\/revisions\/2925"}],"wp:attachment":[{"href":"https:\/\/green-raise.com\/fr\/wp-json\/wp\/v2\/media?parent=1875"}],"curies":[{"name":"wp","href":"https:\/\/api.w.org\/{rel}","templated":true}]}}